{"id":86,"date":"2020-04-07T01:21:07","date_gmt":"2020-04-07T01:21:07","guid":{"rendered":"http:\/\/wizard.tu-dortmund.de\/?page_id=86"},"modified":"2020-05-25T12:35:28","modified_gmt":"2020-05-25T12:35:28","slug":"news","status":"publish","type":"page","link":"https:\/\/wizard.tu-dortmund.de\/","title":{"rendered":"Herzlich Willkommen auf der Website des interdisziplin\u00e4ren Forschungsprojekts WizARd!"},"content":{"rendered":"\n<hr class=\"wp-block-separator has-text-color has-background\" style=\"background-color:#8e0080;color:#8e0080\"\/>\n\n\n\n<h2 class=\"has-text-align-left wp-block-heading\">News<\/h2>\n\n\n<ul class=\"wp-block-latest-posts__list has-dates wp-block-latest-posts\"><li><a class=\"wp-block-latest-posts__post-title\" href=\"https:\/\/wizard.tu-dortmund.de\/index.php\/2024\/09\/16\/wizard-auf-der-26th-ieee-international-conference-on-business-informatics-ieee-cbi-2024\/\">WizARd auf der 26th IEEE International Conference on Business Informatics (IEEE CBI 2024)<\/a><time datetime=\"2024-09-16T08:36:03+00:00\" class=\"wp-block-latest-posts__post-date\">16. September 2024<\/time><div class=\"wp-block-latest-posts__post-full-content\"><!-- wp:image {\"id\":866,\"sizeSlug\":\"large\",\"linkDestination\":\"none\"} -->\n<figure class=\"wp-block-image size-large\"><img loading=\"lazy\" decoding=\"async\" width=\"1024\" height=\"814\" src=\"https:\/\/wizard.tu-dortmund.de\/wp-content\/uploads\/2024\/09\/20240911_122613-1024x814.jpg\" alt=\"\" class=\"wp-image-866\" srcset=\"https:\/\/wizard.tu-dortmund.de\/wp-content\/uploads\/2024\/09\/20240911_122613-1024x814.jpg 1024w, https:\/\/wizard.tu-dortmund.de\/wp-content\/uploads\/2024\/09\/20240911_122613-300x238.jpg 300w, https:\/\/wizard.tu-dortmund.de\/wp-content\/uploads\/2024\/09\/20240911_122613-768x610.jpg 768w, https:\/\/wizard.tu-dortmund.de\/wp-content\/uploads\/2024\/09\/20240911_122613-1536x1221.jpg 1536w, https:\/\/wizard.tu-dortmund.de\/wp-content\/uploads\/2024\/09\/20240911_122613-2048x1628.jpg 2048w, https:\/\/wizard.tu-dortmund.de\/wp-content\/uploads\/2024\/09\/20240911_122613-640x509.jpg 640w\" sizes=\"auto, (max-width: 1024px) 100vw, 1024px\" \/><\/figure>\n<!-- \/wp:image -->\n\n<!-- wp:paragraph -->\n<p>WizARd hat an der 26th IEEE International Conference on Business Informatics (IEEE CBI 2024) in Wien, \u00d6sterreich teilgenommen und eine Studie vorgestellt:<\/p>\n<!-- \/wp:paragraph -->\n\n<!-- wp:paragraph -->\n<p>Konopka, B., H\u00f6nemann, K., &amp; Wiesche, M. (2024). Trust Calibration in Augmented-Reality based Decision Support Systems. 2024 IEEE 26rd Conference on Business Informatics (CBI). Vienna, Austria.<\/p>\n<!-- \/wp:paragraph -->\n\n<!-- wp:paragraph -->\n<p>Die IEEE Conference on Business Informatics (CBI) ist eine f\u00fchrende internationale Konferenz im Bereich der Wirtschaftsinformatik. Die Konferenz bietet ein Forum f\u00fcr Forschung im multidisziplin\u00e4ren Feld der Wirtschaftsinformatik und begr\u00fc\u00dft verschiedene theoretische und praktische Perspektiven zu aktuellen Herausforderungen der digitalen Transformation.<\/p>\n<!-- \/wp:paragraph -->\n\n<!-- wp:paragraph -->\n<p>Aus den Vortr\u00e4gen und Diskussionen konnten wir viele spannende Erfahrungen und Erkenntnisse mitnehmen und neue, interessante Kontakte kn\u00fcpfen.<\/p>\n<!-- \/wp:paragraph --><\/div><\/li>\n<li><a class=\"wp-block-latest-posts__post-title\" href=\"https:\/\/wizard.tu-dortmund.de\/index.php\/2024\/06\/06\/wizard-auf-der-acm-sigmis-computers-and-people-research-2024\/\">WizARd auf der ACM Sigmis Computers and People Research 2024<\/a><time datetime=\"2024-06-06T09:11:52+00:00\" class=\"wp-block-latest-posts__post-date\">6. Juni 2024<\/time><div class=\"wp-block-latest-posts__post-full-content\"><!-- wp:image {\"id\":844,\"sizeSlug\":\"full\",\"linkDestination\":\"none\"} -->\n<figure class=\"wp-block-image size-full\"><img loading=\"lazy\" decoding=\"async\" width=\"275\" height=\"98\" src=\"https:\/\/wizard.tu-dortmund.de\/wp-content\/uploads\/2024\/06\/acm-sigmis-logo.jpg\" alt=\"\" class=\"wp-image-844\" \/><\/figure>\n<!-- \/wp:image -->\n\n<!-- wp:paragraph -->\n<p>WizARd hat an der ACM Sigmis Computers and People Research 2024 in Murfreesboro, USA teilgenommen und eine Studie vorgestellt: <\/p>\n<!-- \/wp:paragraph -->\n\n<!-- wp:paragraph -->\n<p>Bj\u00f6rn Konopka, Kay H\u00f6nemann, and Manuel Wiesche. 2024. Augmented Reality, Trust and Technology Malfunctions: An Initial Theory and Empirical Study. In Proceedings of the 2024 Computers and People Research Conference (SIGMIS-CPR &#8217;24). Association for Computing Machinery, New York, NY, USA. <a href=\"https:\/\/doi.org\/10.1145\/3632634.3655884\">https:\/\/doi.org\/10.1145\/3632634.3655884<\/a><\/p>\n<!-- \/wp:paragraph -->\n\n<!-- wp:paragraph -->\n<p>Seit fast 60 Jahren bietet die ACM SIGMIS Computers and People Research (CPR) ein interaktives Arbeitsumfeld f\u00fcr Vertreter aus Wissenschaft und Praxis, um Themen an der Schnittstelle von Informationstechnologie und Menschen zu erforschen. Wir konnten aus den Vortr\u00e4gen und Diskussionen viele spannende Erfahrungen und Erkenntnisse mitnehmen und neue, interessante Kontakte kn\u00fcpfen.<\/p>\n<!-- \/wp:paragraph --><\/div><\/li>\n<li><a class=\"wp-block-latest-posts__post-title\" href=\"https:\/\/wizard.tu-dortmund.de\/index.php\/2024\/01\/11\/wizard-auf-der-hawaii-international-conference-on-system-sciences-2024\/\">WizARd auf der Hawaii International Conference on System Sciences 2024<\/a><time datetime=\"2024-01-11T09:01:46+00:00\" class=\"wp-block-latest-posts__post-date\">11. Januar 2024<\/time><div class=\"wp-block-latest-posts__post-full-content\"><!-- wp:image {\"id\":841,\"sizeSlug\":\"full\",\"linkDestination\":\"none\"} -->\n<figure class=\"wp-block-image size-full\"><img loading=\"lazy\" decoding=\"async\" width=\"768\" height=\"432\" src=\"https:\/\/wizard.tu-dortmund.de\/wp-content\/uploads\/2024\/06\/HICSS_2024-edited.jpeg\" alt=\"\" class=\"wp-image-841\" srcset=\"https:\/\/wizard.tu-dortmund.de\/wp-content\/uploads\/2024\/06\/HICSS_2024-edited.jpeg 768w, https:\/\/wizard.tu-dortmund.de\/wp-content\/uploads\/2024\/06\/HICSS_2024-edited-300x169.jpeg 300w, https:\/\/wizard.tu-dortmund.de\/wp-content\/uploads\/2024\/06\/HICSS_2024-edited-640x360.jpeg 640w\" sizes=\"auto, (max-width: 768px) 100vw, 768px\" \/><\/figure>\n<!-- \/wp:image -->\n\n<!-- wp:paragraph -->\n<p>WizARd hat an 57. Hawaii International Conference on System Sciences in Honolulu, USA teilgenommen.<\/p>\n<!-- \/wp:paragraph -->\n\n<!-- wp:paragraph -->\n<p>Kay H\u00f6nemann und Bj\u00f6rn Konopka stellten zwei Ver\u00f6ffentlichungen vor:<\/p>\n<!-- \/wp:paragraph -->\n\n<!-- wp:paragraph -->\n<p>H\u00f6nemann, Kay; Konopka, Bj\u00f6rn; and Wiesche, Manuel (2024): \u201cThe Importance of Separation in the Creation and Usage Phases of Augmented Reality Content Using Social Cognitive Theory\u201d, <a href=\"https:\/\/scholarspace.manoa.hawaii.edu\/items\/cc6abda5-156b-4634-b1bc-10a97c281fd1\" target=\"_blank\" rel=\"noreferrer noopener\">https:\/\/scholarspace.manoa.hawaii.edu\/items\/cc6abda5-156b-4634-b1bc-10a97c281fd1<\/a><\/p>\n<!-- \/wp:paragraph -->\n\n<!-- wp:paragraph -->\n<p>Konopka, Bj\u00f6rn; H\u00f6nemann, Kay; and Wiesche, Manuel (2024): \u201cInvestigation of Key Barriers Regarding Adoption and Implementation of Augmented Reality in Industrial Organizations \u2013 A Delphi Study\u201d, <a href=\"https:\/\/scholarspace.manoa.hawaii.edu\/items\/b22c9da3-2e17-4138-9f3c-59c73307efbe\" target=\"_blank\" rel=\"noreferrer noopener\">https:\/\/scholarspace.manoa.hawaii.edu\/items\/b22c9da3-2e17-4138-9f3c-59c73307efbe<\/a><\/p>\n<!-- \/wp:paragraph -->\n\n<!-- wp:paragraph -->\n<p>Die Hawaii International Conference on System Sciences (HICSS) ist als die traditionsreichste wissenschaftliche Konferenz im Bereich Informationstechnologiemanagement bekannt. Seit 1968 bietet die HICSS ein interaktives Arbeitsumfeld f\u00fcr Spitzenwissenschaftler aus dem akademischen Bereich und der Industrie aus \u00fcber 60 L\u00e4ndern zum Austausch von Ideen in verschiedenen Bereichen der Informations-, Computer- und Systemwissenschaften. Wir konnten aus den Vortr\u00e4gen und Diskussionen viele spannende Erfahrungen und Erkenntnisse mitnehmen und neue, interessante Kontakte kn\u00fcpfen.<\/p>\n<!-- \/wp:paragraph --><\/div><\/li>\n<li><a class=\"wp-block-latest-posts__post-title\" href=\"https:\/\/wizard.tu-dortmund.de\/index.php\/2023\/12\/04\/wizard-auf-dem-ieee-international-symposium-on-mixed-and-augmented-reality-2023-in-sydney\/\">WIZARD AUF DEM IEEE INTERNATIONAL SYMPOSIUM ON MIXED AND AUGMENTED REALITY 2023 IN SYDNEY<\/a><time datetime=\"2023-12-04T07:56:54+00:00\" class=\"wp-block-latest-posts__post-date\">4. Dezember 2023<\/time><div class=\"wp-block-latest-posts__post-full-content\"><!-- wp:paragraph -->\n<p>Im Anwendungsfall Logistik haben wir ein Augmented-Reality (AR) System entwickelt, um Schiffsf\u00fchrer<em>innen bei der Navigation zu unterst\u00fctzen. Wir verwenden es im Bereich der Wassertiefenvermessung: Hier steuern Schiffsf\u00fchrer<\/em>innen ein sogenanntes Peilschiff entlang einer vordefinierten Linie um die Tiefe des Hafenbeckens pr\u00e4zise zu vermessen. Diese Linie wird heutzutage auf einem Monitor an Bord angezeigt, wodurch die Schiffsf\u00fchrer<em>innen konstant sowohl den Monitor als auch die Au\u00dfenwelt im Blick haben m\u00fcssen. Mit Hilfe von AR k\u00f6nnen wir beide Ansichten vereinen: Die Schiffsf\u00fchrer<\/em>innen tragen ein AR-Headset, das ihnen die Linie direkt auf der Wasseroberfl\u00e4che anzeigt.<\/p>\n<!-- \/wp:paragraph -->\n\n<!-- wp:paragraph -->\n<p>Wir haben dieses System in einer Feldstudie mit 10 Schiffsf\u00fchrer<em>innen im Hamburger Hafen evaluiert. Die teilnehmenden Schiffsf\u00fchrer<\/em>innen steuerten ein Peilschiff entlang einer Linie, die entweder wie herk\u00f6mmlich auf einem Monitor oder in AR angezeigt wurde. Die Studienergebnisse weisen darauf hin, dass AR in unserem Anwendungsfall durchaus Potential hat. W\u00e4hrend manche der teilnehmenden Schiffsf\u00fchrer*innen der neuen Technologie skeptisch gegen\u00fcber stehen, k\u00f6nnten sich andere die Nutzung direkt vorstellen und w\u00fcnschen sogar die Darstellung weiterer Daten in AR.<\/p>\n<!-- \/wp:paragraph -->\n\n<!-- wp:paragraph -->\n<p>Wir haben die Studie im Oktober auf dem <a href=\"https:\/\/ismar23.org\/\">IEEE International Symposium on Mixed and Augmented Reality<\/a> (ISMAR) 2023 in Sydney pr\u00e4sentiert.<\/p>\n<!-- \/wp:paragraph -->\n\n<!-- wp:paragraph -->\n<p>Weitere Infos und einen Einblick in das AR-Erlebnis sehen Sie hier:<\/p>\n<!-- \/wp:paragraph -->\n\n<!-- wp:video {\"id\":831} -->\n<figure class=\"wp-block-video\"><video controls src=\"https:\/\/wizard.tu-dortmund.de\/wp-content\/uploads\/2023\/12\/Wizard-Abschluss-V14-231127-1-1.m4v\"><\/video><\/figure>\n<!-- \/wp:video --><\/div><\/li>\n<li><a class=\"wp-block-latest-posts__post-title\" href=\"https:\/\/wizard.tu-dortmund.de\/index.php\/2023\/09\/30\/wizard-veroeffentlicht-zwei-beitraege-auf-der-hawaii-international-conference-on-system-sciences-2024\/\">WizARd ver\u00f6ffentlicht zwei Beitr\u00e4ge auf der Hawaii International Conference on System Sciences 2024<\/a><time datetime=\"2023-09-30T13:46:56+00:00\" class=\"wp-block-latest-posts__post-date\">30. September 2023<\/time><div class=\"wp-block-latest-posts__post-full-content\"><!-- wp:separator -->\n<hr class=\"wp-block-separator has-alpha-channel-opacity\" \/>\n<!-- \/wp:separator -->\n\n<!-- wp:paragraph -->\n<p><a id=\"_msocom_1\"><\/a><\/p>\n<!-- \/wp:paragraph -->\n\n<!-- wp:paragraph -->\n<p>Die Hawaii International Conference on System Sciences findet vom 03.01.24 \u2013 06.01.24 in Honolulu, USA statt. WizARd ist mit zwei Beitr\u00e4gen vertreten:<\/p>\n<!-- \/wp:paragraph -->\n\n<!-- wp:list -->\n<ul><!-- wp:list-item -->\n<li>H\u00f6nemann, Kay; Konopka, Bj\u00f6rn; and Wiesche, Manuel, \u201cThe Importance of Separation in the Creation and Usage Phases of Augmented Reality Content Using Social Cognitive Theory\u201d<\/li>\n<!-- \/wp:list-item --><\/ul>\n<!-- \/wp:list -->\n\n<!-- wp:list -->\n<ul><!-- wp:list-item -->\n<li>Konopka, Bj\u00f6rn; H\u00f6nemann, Kay; and Wiesche, Manuel; \u201cInvestigation of Key Barriers Regarding Adoption and Implementation of Augmented Reality in Industrial Organizations \u2013 A Delphi Study\u201d<\/li>\n<!-- \/wp:list-item --><\/ul>\n<!-- \/wp:list -->\n\n<!-- wp:paragraph -->\n<p>Die Hawaii International Conference on System Sciences (HICSS) ist als die traditionsreichste wissenschaftliche Konferenz im Bereich Informationstechnologiemanagement bekannt. Seit 1968 bietet die HICSS ein interaktives Arbeitsumfeld f\u00fcr Spitzenwissenschaftler aus dem akademischen Bereich und der Industrie aus \u00fcber 60 L\u00e4ndern zum Austausch von Ideen in verschiedenen Bereichen der Informations-, Computer- und Systemwissenschaften.<\/p>\n<!-- \/wp:paragraph --><\/div><\/li>\n<\/ul>\n\n\n<p><\/p>\n","protected":false},"excerpt":{"rendered":"<p>News<\/p>\n","protected":false},"author":1,"featured_media":0,"parent":0,"menu_order":0,"comment_status":"closed","ping_status":"closed","template":"","meta":{"footnotes":""},"class_list":["post-86","page","type-page","status-publish","hentry","entry"],"_links":{"self":[{"href":"https:\/\/wizard.tu-dortmund.de\/index.php\/wp-json\/wp\/v2\/pages\/86","targetHints":{"allow":["GET"]}}],"collection":[{"href":"https:\/\/wizard.tu-dortmund.de\/index.php\/wp-json\/wp\/v2\/pages"}],"about":[{"href":"https:\/\/wizard.tu-dortmund.de\/index.php\/wp-json\/wp\/v2\/types\/page"}],"author":[{"embeddable":true,"href":"https:\/\/wizard.tu-dortmund.de\/index.php\/wp-json\/wp\/v2\/users\/1"}],"replies":[{"embeddable":true,"href":"https:\/\/wizard.tu-dortmund.de\/index.php\/wp-json\/wp\/v2\/comments?post=86"}],"version-history":[{"count":17,"href":"https:\/\/wizard.tu-dortmund.de\/index.php\/wp-json\/wp\/v2\/pages\/86\/revisions"}],"predecessor-version":[{"id":777,"href":"https:\/\/wizard.tu-dortmund.de\/index.php\/wp-json\/wp\/v2\/pages\/86\/revisions\/777"}],"wp:attachment":[{"href":"https:\/\/wizard.tu-dortmund.de\/index.php\/wp-json\/wp\/v2\/media?parent=86"}],"curies":[{"name":"wp","href":"https:\/\/api.w.org\/{rel}","templated":true}]}}