{"id":2,"date":"2020-04-03T22:38:00","date_gmt":"2020-04-03T22:38:00","guid":{"rendered":"http:\/\/wizard.tu-dortmund.de\/?page_id=2"},"modified":"2023-06-30T15:11:19","modified_gmt":"2023-06-30T15:11:19","slug":"wizard","status":"publish","type":"page","link":"https:\/\/wizard.tu-dortmund.de\/index.php\/wizard\/","title":{"rendered":"WizARd"},"content":{"rendered":"\n<div class=\"wp-block-group\"><div class=\"wp-block-group__inner-container is-layout-flow wp-block-group-is-layout-flow\">\n<div class=\"wp-block-group\"><div class=\"wp-block-group__inner-container is-layout-flow wp-block-group-is-layout-flow\">\n<div class=\"wp-block-group\"><div class=\"wp-block-group__inner-container is-layout-flow wp-block-group-is-layout-flow\">\n<div class=\"wp-block-group\"><div class=\"wp-block-group__inner-container is-layout-flow wp-block-group-is-layout-flow\">\n<div class=\"wp-block-group\"><div class=\"wp-block-group__inner-container is-layout-flow wp-block-group-is-layout-flow\">\n<h2 class=\"has-text-color wp-block-heading\" style=\"color:#1074b3\">Kontext<\/h2>\n\n\n\n<p style=\"text-align: justify;\"> Der Einsatz von Technologien wie Augmented Reality (AR) und Virtual Reality (VR) birgt gro\u00dfes Potenzial, den deutschen Produktionssektor effektiver und effizienter zu gestalten. Beispielsweise kann AR\/VR bei globalen Kooperationen nicht nur Reisekosten und Arbeitszeit einsparen, sondern auch den Austausch zwischen den Partnern erleichtern. Des Weiteren kann AR\/VR Mitarbeiter bei t\u00e4glichen Arbeiten, wie Produktion oder Wartung von Maschinen unterst\u00fctzen, indem die Technologie Anleitungen bereitstellt oder die Arbeitsprozesse dokumentiert. Aufgrund von Wissens- und Technologiebarrieren ist die Verbreitung von AR\/VR in diesen Anwendungsdom\u00e4nen allerdings noch stark begrenzt. An diesem Punkt setzt das Forschungsprojekt WizARd an.<\/p>\n\n\n\n<p class=\"has-text-align-center\"><img loading=\"lazy\" decoding=\"async\" width=\"400\" height=\"188\" class=\"wp-image-11\" style=\"width: 400px;\" src=\"https:\/\/wizard.tu-dortmund.de\/wp-content\/uploads\/2020\/04\/WizARd_foto2.png\" alt=\"\" srcset=\"https:\/\/wizard.tu-dortmund.de\/wp-content\/uploads\/2020\/04\/WizARd_foto2.png 516w, https:\/\/wizard.tu-dortmund.de\/wp-content\/uploads\/2020\/04\/WizARd_foto2-300x141.png 300w\" sizes=\"auto, (max-width: 400px) 100vw, 400px\" \/><\/p>\n\n\n\n<h2 class=\"has-text-color wp-block-heading\" style=\"color:#1074b3\">Projektziel&nbsp;<\/h2>\n\n\n\n<p style=\"text-align: justify;\"> Ziel des Forschungsprojekts WizARd ist es, Smart Services mit Hilfe von AR\/VR zug\u00e4nglich machen. Dabei sollen vor allem die Wissensvernetzung und die Kollaboration in Unternehmen durch die Verwendung von AR und VR erleichtert werden. Mit Hilfe des Digitalisierungsassistenten WizARd werden Unternehmen bei ihren Digitalisierungsvorhaben unterst\u00fctzt und schrittweise durch den Digitalisierungsprozess begleitet. Der Assistent informiert \u00fcber potenzielle AR\/VR Anwendungsf\u00e4lle und liefert Best Practice Anleitungen. Dar\u00fcber hinaus stellt er den Unternehmen Webtools zur Prozessmodellierung und zur Erstellung von AR\/VR Applikationen zur Verf\u00fcgung. Damit soll der Digitalisierungsassistent insbesondere KMUs zur Einf\u00fchrung von AR\/VR im Unternehmen bef\u00e4higen.<\/p>\n\n\n\n<p class=\"has-text-align-center\"><img loading=\"lazy\" decoding=\"async\" width=\"400\" height=\"264\" class=\"wp-image-15\" style=\"width: 400px;\" src=\"https:\/\/wizard.tu-dortmund.de\/wp-content\/uploads\/2020\/04\/WizARd_foto1.png\" alt=\"\" srcset=\"https:\/\/wizard.tu-dortmund.de\/wp-content\/uploads\/2020\/04\/WizARd_foto1.png 362w, https:\/\/wizard.tu-dortmund.de\/wp-content\/uploads\/2020\/04\/WizARd_foto1-300x198.png 300w, https:\/\/wizard.tu-dortmund.de\/wp-content\/uploads\/2020\/04\/WizARd_foto1-360x239.png 360w\" sizes=\"auto, (max-width: 400px) 100vw, 400px\" \/><\/p>\n\n\n\n<h2 class=\"has-text-color wp-block-heading\" style=\"color:#1074b3\">Projektlaufzeit<\/h2>\n\n\n\n<p>01.04.2020 bis 31.12.2023<\/p>\n\n\n\n<h2 class=\"has-text-color wp-block-heading\" style=\"color:#1074b3\">Arbeitspakete<\/h2>\n\n\n\n<ul class=\"wp-block-list\">\n<li>Exploration und Erhebung von Anforderungen<\/li>\n\n\n\n<li>Iteratives Design, Entwicklung und Pilotierung im Feld<\/li>\n\n\n\n<li>Evaluation, Reflektion und Ableitung von Implikationen aus dem Feld<\/li>\n\n\n\n<li>Domain Specific Language (DSL) f\u00fcr AR\/VR-Anwendungen in Smart Services<\/li>\n\n\n\n<li>Wissensaustausch, Transfer und Verwertung der Ergebnisse<\/li>\n\n\n\n<li>Koordination, kontinuierliche Validierung und Integration der Teilergebnisse<\/li>\n<\/ul>\n<\/div><\/div>\n<\/div><\/div>\n\n\n\n<h2 class=\"has-text-color wp-block-heading\" style=\"color:#1074b3\">F\u00f6rderhinweis<\/h2>\n\n\n\n<p>Dieses Forschungs- und Entwicklungs\u2013projekt wird mit Mitteln des Bundesministeriums f\u00fcr Bildung und Forschung (BMBF) im Programm &#8218;lnternetbasierte Dienstleistungen f\u00fcr komplexe Produkte, Produktions\u2013prozesse und -anlagen (Smart Services)&#8216; gef\u00f6rdert und vom Projekttr\u00e4ger Karlsruhe (PTKA) betreut.<\/p>\n\n\n\n<figure class=\"wp-block-image\"><img loading=\"lazy\" decoding=\"async\" width=\"262\" height=\"162\" src=\"https:\/\/wizard.tu-dortmund.de\/wp-content\/uploads\/2020\/04\/BMBF_logo.png\" alt=\"\" class=\"wp-image-22\"\/><\/figure>\n<\/div><\/div>\n<\/div><\/div>\n<\/div><\/div>\n\n\n\n<p><a href=\"https:\/\/wizard.tu-dortmund.de\/index.php\/partner\/\">Zu den Projektpartnern<\/a><\/p>\n\n\n\n<p><a href=\"https:\/\/wizard.tu-dortmund.de\/index.php\/veroeffentlichungen\/\">Zu den Ver\u00f6ffentlichungen<\/a><\/p>\n","protected":false},"excerpt":{"rendered":"<p>Kontext Der Einsatz von Technologien wie Augmented Reality (AR) und Virtual Reality (VR) birgt gro\u00dfes Potenzial, den deutschen Produktionssektor effektiver und effizienter zu gestalten. Beispielsweise kann AR\/VR bei globalen Kooperationen nicht nur Reisekosten und Arbeitszeit einsparen, sondern auch den Austausch zwischen den Partnern erleichtern. Des Weiteren kann AR\/VR Mitarbeiter bei t\u00e4glichen Arbeiten, wie Produktion oder Wartung von Maschinen unterst\u00fctzen, indem die Technologie Anleitungen bereitstellt oder die Arbeitsprozesse dokumentiert. Aufgrund von Wissens- und Technologiebarrieren ist die Verbreitung von AR\/VR in diesen Anwendungsdom\u00e4nen allerdings noch stark begrenzt. An diesem Punkt setzt das Forschungsprojekt WizARd an. Projektziel&nbsp; Ziel des Forschungsprojekts WizARd ist es, Smart Services mit Hilfe von AR\/VR zug\u00e4nglich machen. Dabei sollen vor allem die Wissensvernetzung und die Kollaboration in Unternehmen durch die Verwendung von AR und VR erleichtert werden. Mit Hilfe des Digitalisierungsassistenten WizARd werden Unternehmen bei ihren Digitalisierungsvorhaben unterst\u00fctzt und schrittweise durch den Digitalisierungsprozess begleitet. Der Assistent informiert \u00fcber potenzielle AR\/VR Anwendungsf\u00e4lle und liefert Best Practice Anleitungen. Dar\u00fcber hinaus stellt er den Unternehmen Webtools zur Prozessmodellierung und zur Erstellung von AR\/VR Applikationen zur Verf\u00fcgung. Damit soll der Digitalisierungsassistent insbesondere KMUs zur Einf\u00fchrung von AR\/VR im Unternehmen bef\u00e4higen. Projektlaufzeit 01.04.2020 bis 31.12.2023 Arbeitspakete F\u00f6rderhinweis Dieses Forschungs- und Entwicklungs\u2013projekt wird mit Mitteln des Bundesministeriums f\u00fcr Bildung und Forschung (BMBF) im Programm &#8218;lnternetbasierte Dienstleistungen f\u00fcr komplexe Produkte, Produktions\u2013prozesse und -anlagen (Smart Services)&#8216; gef\u00f6rdert und vom Projekttr\u00e4ger Karlsruhe (PTKA) betreut. Zu den Projektpartnern Zu den Ver\u00f6ffentlichungen<\/p>\n","protected":false},"author":1,"featured_media":0,"parent":0,"menu_order":0,"comment_status":"closed","ping_status":"open","template":"templates\/full-width.php","meta":{"footnotes":""},"class_list":["post-2","page","type-page","status-publish","hentry","entry"],"_links":{"self":[{"href":"https:\/\/wizard.tu-dortmund.de\/index.php\/wp-json\/wp\/v2\/pages\/2","targetHints":{"allow":["GET"]}}],"collection":[{"href":"https:\/\/wizard.tu-dortmund.de\/index.php\/wp-json\/wp\/v2\/pages"}],"about":[{"href":"https:\/\/wizard.tu-dortmund.de\/index.php\/wp-json\/wp\/v2\/types\/page"}],"author":[{"embeddable":true,"href":"https:\/\/wizard.tu-dortmund.de\/index.php\/wp-json\/wp\/v2\/users\/1"}],"replies":[{"embeddable":true,"href":"https:\/\/wizard.tu-dortmund.de\/index.php\/wp-json\/wp\/v2\/comments?post=2"}],"version-history":[{"count":20,"href":"https:\/\/wizard.tu-dortmund.de\/index.php\/wp-json\/wp\/v2\/pages\/2\/revisions"}],"predecessor-version":[{"id":820,"href":"https:\/\/wizard.tu-dortmund.de\/index.php\/wp-json\/wp\/v2\/pages\/2\/revisions\/820"}],"wp:attachment":[{"href":"https:\/\/wizard.tu-dortmund.de\/index.php\/wp-json\/wp\/v2\/media?parent=2"}],"curies":[{"name":"wp","href":"https:\/\/api.w.org\/{rel}","templated":true}]}}